{"id":30,"date":"2015-03-21T20:10:21","date_gmt":"2015-03-21T19:10:21","guid":{"rendered":"http:\/\/localhost\/Webprojekte\/Missionskreis%20St.%20Matthias\/?page_id=30"},"modified":"2022-08-22T11:18:11","modified_gmt":"2022-08-22T09:18:11","slug":"vorstand","status":"publish","type":"page","link":"https:\/\/www.missionskreis-st-matthias.de\/?page_id=30","title":{"rendered":"Vorstand"},"content":{"rendered":"<p>Wir m\u00f6chten Ihnen unsern Vorstand auf dieser Seite vorstellen. Dazu hat jedes Mitglied des Vorstandes ein Statement abgegeben und stellt sich und seine Position beim Missionskreis selbst vor.<\/p>\n<p>&nbsp;<\/p>\n<p><strong>Joseph Panhans ist Vorsitzender des Missionskreises.<\/strong><\/p>\n<p>ich bin seit Anfang dem Matthiasfest 2022 1. Vorsitzender des Missionskreises; au\u00dferdem durfte ich bereits im letzten Jahr den Posten des Missionskreisvorsitzenden \u00fcbernehmen. Den Posten im Vorstand eines so besonderen Vereines, in welchen seit Generationen von Seminaristen diese Vereinigung getragen wurde, um armen Menschen zu helfen und ihnen Entwicklungshilfe zu leisten, vollziehen zu d\u00fcrfen ist auch f\u00fcr mich eine besondere Ehre. Ich wohne seit letztem Schuljahr hier im Seminar und komme aus dem Allg\u00e4u aus einem sch\u00f6nen Bauernhof.<br \/>\nUnd so freue ich mich auf ein Wiedersehen und eine gute Zusammenarbeit.<\/p>\n<p><em>Ihr Joseph Panhans<\/em><\/p>\n<p>&nbsp;<\/p>\n<p><strong>Manfred Bugl ist als Stiftungsdirektor geborenes Mitglied des Vorstands des Missionskreises<\/strong><\/p>\n<p>Die lange Tradition in St. Matthias, ehemalige \u201eWaldramer\u201c in ihrer Arbeit in der Mission zu unterst\u00fctzen, ist ein wundervolles Erbe. Auf diese Tradition aufbauend w\u00fcnsche ich mir, mit dem gleichen gro\u00dfen Engagement die urspr\u00fcngliche Idee passend f\u00fcr die heutige Zeit weiterzuentwickeln. Wo und wie k\u00f6nnen wir in St. Matthias Menschen unterst\u00fctzen, die den katholischen Glauben in die Welt tragen und dabei auch soziale Hilfe anbieten?<\/p>\n<p><em>Ihr Manfred Bugl<\/em><\/p>\n<p>&nbsp;<\/p>\n<p><strong>Jonathan Puls ist der stellv. Vorsitzende des Missionskreises.<\/strong><\/p>\n<p>ich komme aus Weindorf, einem Dorf bei Murnau im Oberland. Zum Schuljahr 2021\/22 kam ich nach Waldram und f\u00fchle mich dort sehr wohl. Dort lernte ich auch den Missionskreis kennen, welcher mich schnell begeisterte und in welchen ich kurz vor Neujahr eingetreten bin. Kaum angekommen wurde ich gleich in der Jahreshauptversammlung zum 2. Vorsitzenden gew\u00e4hlt. Ich freue mich schon auf das verbleibende und hoffentlich produktive Jahr.<\/p>\n<p><em>Ihr Jonathan Puls<\/em><\/p>\n<p>&nbsp;<\/p>\n<p><strong>Heidi Huber ist der Kassiererin des Missionskreises.<\/strong><\/p>\n<p>ich arbeite an der Schule St. Matthias seit fast 10 Jahren als Hauswirtschaftsleitung. Seit 2015 bin ich Mitglied im Missionskreis St Matthias, wobei ich f\u00fcr das Amt der Kassenwartin seit nunmehr f\u00fcnf Jahren zust\u00e4ndig bin. Warum ich mich f\u00fcr den Missionskreis engagiere?<br \/>\nGanz einfach!<br \/>\nDurch meine Mithilfe an unterschiedlichen Aktionen, die der Missionskreis anbietet, kann ich ehemalige Abiturienten unserer Einrichtung, die derzeit in der Mission t\u00e4tig sind, tatkr\u00e4ftig unterst\u00fctzen. Sei es durch praktische T\u00e4tigkeiten, durch \u00dcberzeugungsarbeit f\u00fcr neue Mitglieder oder durch Spenden sammeln an unterschiedlichen Aktionen. Und weil es den Missionskreis schon seit mehr als 4 Jahrzehnten gibt, bin ich \u00fcberzeugt und stelle es auch immer wieder fest, dass sich dieser Einsatz lohnt!<br \/>\nDie R\u00fcckmeldungen der Missionare kann jeder nachfragen bzw. diese auch selbst in Briefform lesen.<br \/>\n<strong>F\u00fchlen auch Sie sich angesprochen!<\/strong><\/p>\n<p><em>Ihre Heidi Huber<\/em><\/p>\n<p>&nbsp;<\/p>\n<p><strong>Annette Weichlein ist die \u00d6ffentlichkeitsbeauftragte des Missionskreises.<\/strong><\/p>\n<p>Als kaufm\u00e4nnische Angestellte arbeite ich in einem Gasekonzern in M\u00fcnchen. Ich bin verheiratet, habe 2 T\u00f6chter (17 und 20) und lebe mit meiner Familie und unserem Hund in Waldram.<br \/>\nNeben Beruf und Familie engagiere ich mich ehrenamtlich in St. Joseph der Arbeiter.<br \/>\nDas n\u00fctzt mir auch bei meiner T\u00e4tigkeit als Bindeglied zwischen Pfarrei und Missionskreis f\u00fcr die \u00d6ffentlichkeitsarbeit.<br \/>\nGerne bin ich Mitglied beim Missionskreis und freue mich mit meinem Beitrag die Arbeit und das Engagement der Missionarinnen und Missionare, die in St. Matthias vor einiger Zeit in die Schule gegangen sind, zu unterst\u00fctzen.<br \/>\nUm den Menschen vor Ort zu helfen gibt es viele M\u00f6glichkeiten.<br \/>\nEs gibt spannende Projekte, wie Kerzen basteln, Martinsg\u00e4nse backen und verzieren, Verkauf am Adventsmarktstand u.v.m.<br \/>\nVielleicht interessiert Sie das eine oder andere Projekt oder haben Sie Ideen f\u00fcr Neues?<br \/>\nWir freuen uns auf Sie!<\/p>\n<p><em>Ihre Annette Weichlein<\/em><\/p>\n","protected":false},"excerpt":{"rendered":"<p>Wir m\u00f6chten Ihnen unsern Vorstand auf dieser Seite vorstellen. Dazu hat jedes Mitglied des Vorstandes ein Statement abgegeben und stellt sich und seine Position beim Missionskreis selbst vor. &nbsp; Joseph Panhans ist Vorsitzender des Missionskreises. ich bin seit Anfang dem Matthiasfest 2022 1. Vorsitzender des Missionskreises; au\u00dferdem durfte ich bereits im letzten Jahr den Posten [&hellip;]<\/p>\n","protected":false},"author":2,"featured_media":993,"parent":0,"menu_order":0,"comment_status":"open","ping_status":"open","template":"","meta":{"spay_email":""},"jetpack_shortlink":"https:\/\/wp.me\/P77G2M-u","jetpack_sharing_enabled":true,"_links":{"self":[{"href":"https:\/\/www.missionskreis-st-matthias.de\/index.php?rest_route=\/wp\/v2\/pages\/30"}],"collection":[{"href":"https:\/\/www.missionskreis-st-matthias.de\/index.php?rest_route=\/wp\/v2\/pages"}],"about":[{"href":"https:\/\/www.missionskreis-st-matthias.de\/index.php?rest_route=\/wp\/v2\/types\/page"}],"author":[{"embeddable":true,"href":"https:\/\/www.missionskreis-st-matthias.de\/index.php?rest_route=\/wp\/v2\/users\/2"}],"replies":[{"embeddable":true,"href":"https:\/\/www.missionskreis-st-matthias.de\/index.php?rest_route=%2Fwp%2Fv2%2Fcomments&post=30"}],"version-history":[{"count":42,"href":"https:\/\/www.missionskreis-st-matthias.de\/index.php?rest_route=\/wp\/v2\/pages\/30\/revisions"}],"predecessor-version":[{"id":1024,"href":"https:\/\/www.missionskreis-st-matthias.de\/index.php?rest_route=\/wp\/v2\/pages\/30\/revisions\/1024"}],"wp:featuredmedia":[{"embeddable":true,"href":"https:\/\/www.missionskreis-st-matthias.de\/index.php?rest_route=\/wp\/v2\/media\/993"}],"wp:attachment":[{"href":"https:\/\/www.missionskreis-st-matthias.de\/index.php?rest_route=%2Fwp%2Fv2%2Fmedia&parent=30"}],"curies":[{"name":"wp","href":"https:\/\/api.w.org\/{rel}","templated":true}]}}