{"id":25,"date":"2015-03-21T19:56:45","date_gmt":"2015-03-21T18:56:45","guid":{"rendered":"http:\/\/localhost\/Webprojekte\/Missionskreis%20St.%20Matthias\/?page_id=25"},"modified":"2024-07-16T15:44:25","modified_gmt":"2024-07-16T13:44:25","slug":"test","status":"publish","type":"page","link":"https:\/\/www.missionskreis-st-matthias.de\/?page_id=25","title":{"rendered":"Von uns unterst\u00fctzte Projekte"},"content":{"rendered":"<p>Auf der Karte sehen Sie die Standorte von f\u00fcnf Projekten, welche wir regelm\u00e4\u00dfig mit Geldspenden unterst\u00fctzen.<\/p>\n<p><strong>Pater Josef Marx SVD<br \/>\n<\/strong>Capiovy, Argentinien<\/p>\n<p><strong>Sr. Miguella Keller OP<br \/>\n<\/strong>Akwatia, Ghana<\/p>\n<p><strong>Pfarrer Anton Mahl<br \/>\n<\/strong>North Horr, Kenia<\/p>\n<p><strong>Pater Wolfgang Bock SJ<br \/>\n<\/strong>Abepura, Indonesien<\/p>\n<p><strong>Pfarrer Walter Waldsch\u00fctz-Stiftung<\/strong><br \/>\nKinderdorf <a href=\"https:\/\/www.pwws.de\/?page_id=98\">&#8222;Hogar Jesus Nino&#8220;<\/a>, Argentinien<\/p>\n<p>&nbsp;<\/p>\n<p>Weitere Informationen folgen&#8230;<\/p>\n","protected":false},"excerpt":{"rendered":"<p>Auf der Karte sehen Sie die Standorte von f\u00fcnf Projekten, welche wir regelm\u00e4\u00dfig mit Geldspenden unterst\u00fctzen. Pater Josef Marx SVD Capiovy, Argentinien Sr. Miguella Keller OP Akwatia, Ghana Pfarrer Anton Mahl North Horr, Kenia Pater Wolfgang Bock SJ Abepura, Indonesien Pfarrer Walter Waldsch\u00fctz-Stiftung Kinderdorf &#8222;Hogar Jesus Nino&#8220;, Argentinien &nbsp; Weitere Informationen folgen&#8230;<\/p>\n","protected":false},"author":2,"featured_media":1028,"parent":0,"menu_order":0,"comment_status":"closed","ping_status":"closed","template":"","meta":{"spay_email":""},"jetpack_shortlink":"https:\/\/wp.me\/P77G2M-p","jetpack_sharing_enabled":true,"_links":{"self":[{"href":"https:\/\/www.missionskreis-st-matthias.de\/index.php?rest_route=\/wp\/v2\/pages\/25"}],"collection":[{"href":"https:\/\/www.missionskreis-st-matthias.de\/index.php?rest_route=\/wp\/v2\/pages"}],"about":[{"href":"https:\/\/www.missionskreis-st-matthias.de\/index.php?rest_route=\/wp\/v2\/types\/page"}],"author":[{"embeddable":true,"href":"https:\/\/www.missionskreis-st-matthias.de\/index.php?rest_route=\/wp\/v2\/users\/2"}],"replies":[{"embeddable":true,"href":"https:\/\/www.missionskreis-st-matthias.de\/index.php?rest_route=%2Fwp%2Fv2%2Fcomments&post=25"}],"version-history":[{"count":10,"href":"https:\/\/www.missionskreis-st-matthias.de\/index.php?rest_route=\/wp\/v2\/pages\/25\/revisions"}],"predecessor-version":[{"id":1092,"href":"https:\/\/www.missionskreis-st-matthias.de\/index.php?rest_route=\/wp\/v2\/pages\/25\/revisions\/1092"}],"wp:featuredmedia":[{"embeddable":true,"href":"https:\/\/www.missionskreis-st-matthias.de\/index.php?rest_route=\/wp\/v2\/media\/1028"}],"wp:attachment":[{"href":"https:\/\/www.missionskreis-st-matthias.de\/index.php?rest_route=%2Fwp%2Fv2%2Fmedia&parent=25"}],"curies":[{"name":"wp","href":"https:\/\/api.w.org\/{rel}","templated":true}]}}