{"id":1050,"date":"2023-10-05T12:20:08","date_gmt":"2023-10-05T10:20:08","guid":{"rendered":"https:\/\/www.missionskreis-st-matthias.de\/?page_id=1050"},"modified":"2023-10-05T15:04:44","modified_gmt":"2023-10-05T13:04:44","slug":"archiv","status":"publish","type":"page","link":"https:\/\/www.missionskreis-st-matthias.de\/?page_id=1050","title":{"rendered":"Archiv"},"content":{"rendered":"<p>&nbsp;<\/p>\n<div class=\"pt-cv-wrapper\"><div class=\"pt-cv-view pt-cv-grid pt-cv-colsys\" id=\"pt-cv-view-403f2c0dij\"><div data-id=\"pt-cv-page-1\" class=\"pt-cv-page\" data-cvc=\"2\"><div class=\"col-md-6 col-sm-6 col-xs-12 pt-cv-content-item pt-cv-1-col\" ><div class='pt-cv-ifield'><a href=\"https:\/\/www.missionskreis-st-matthias.de\/?p=1094\" class=\"_self pt-cv-href-thumbnail pt-cv-thumb-default\" target=\"_self\" ><img width=\"315\" height=\"224\" src=\"https:\/\/www.missionskreis-st-matthias.de\/wp-content\/uploads\/Vorstand-Missionskreis-2025-1-315x224.jpeg\" class=\"pt-cv-thumbnail\" alt=\"\" loading=\"lazy\" srcset=\"https:\/\/www.missionskreis-st-matthias.de\/wp-content\/uploads\/Vorstand-Missionskreis-2025-1-315x224.jpeg 315w, https:\/\/www.missionskreis-st-matthias.de\/wp-content\/uploads\/Vorstand-Missionskreis-2025-1-650x463.jpeg 650w, https:\/\/www.missionskreis-st-matthias.de\/wp-content\/uploads\/Vorstand-Missionskreis-2025-1.jpeg 999w\" sizes=\"(max-width: 315px) 100vw, 315px\" \/><\/a>\n<h4 class=\"pt-cv-title\"><a href=\"https:\/\/www.missionskreis-st-matthias.de\/?p=1094\" class=\"_self\" target=\"_self\" >Jahreshauptversammlung 2025<\/a><\/h4>\n<div class=\"pt-cv-content\">Am 9. April 2025 trafen sich insgesamt 12 Mitglieder zur Jahreshauptversammlung im Matthiaszimmer von St. Matthias. Zuvor hatten sie gemeinsam ...<br \/><div class=\"pt-cv-rmwrap\"><a href=\"https:\/\/www.missionskreis-st-matthias.de\/?p=1094\" class=\"_self pt-cv-readmore btn btn-success\" target=\"_self\">Weiterlesen \u2026<\/a><\/div><\/div><\/div><\/div>\n<div class=\"col-md-6 col-sm-6 col-xs-12 pt-cv-content-item pt-cv-1-col\" ><div class='pt-cv-ifield'><a href=\"https:\/\/www.missionskreis-st-matthias.de\/?p=1082\" class=\"_self pt-cv-href-thumbnail pt-cv-thumb-default\" target=\"_self\" ><img width=\"315\" height=\"175\" src=\"https:\/\/www.missionskreis-st-matthias.de\/wp-content\/uploads\/Vorstand-Missionskreis-2024-2-315x175.jpg\" class=\"pt-cv-thumbnail\" alt=\"\" loading=\"lazy\" srcset=\"https:\/\/www.missionskreis-st-matthias.de\/wp-content\/uploads\/Vorstand-Missionskreis-2024-2-315x175.jpg 315w, https:\/\/www.missionskreis-st-matthias.de\/wp-content\/uploads\/Vorstand-Missionskreis-2024-2-650x361.jpg 650w, https:\/\/www.missionskreis-st-matthias.de\/wp-content\/uploads\/Vorstand-Missionskreis-2024-2.jpg 1000w\" sizes=\"(max-width: 315px) 100vw, 315px\" \/><\/a>\n<h4 class=\"pt-cv-title\"><a href=\"https:\/\/www.missionskreis-st-matthias.de\/?p=1082\" class=\"_self\" target=\"_self\" >Mitgliederversammlung 2024: Der Missionskreis hat neu gew\u00e4hlt.<\/a><\/h4>\n<div class=\"pt-cv-content\">Bei der Mitgliederversammlung des Missionskreises St. Matthias e.V. in Waldram am 15. Juli 2024 wurde der Vorstand neu gew\u00e4hlt: Merreth ...<br \/><div class=\"pt-cv-rmwrap\"><a href=\"https:\/\/www.missionskreis-st-matthias.de\/?p=1082\" class=\"_self pt-cv-readmore btn btn-success\" target=\"_self\">Weiterlesen \u2026<\/a><\/div><\/div><\/div><\/div>\n<div class=\"col-md-6 col-sm-6 col-xs-12 pt-cv-content-item pt-cv-1-col\" ><div class='pt-cv-ifield'><a href=\"https:\/\/www.missionskreis-st-matthias.de\/?p=1075\" class=\"_self pt-cv-href-thumbnail pt-cv-thumb-default\" target=\"_self\" ><\/a>\n<h4 class=\"pt-cv-title\"><a href=\"https:\/\/www.missionskreis-st-matthias.de\/?p=1075\" class=\"_self\" target=\"_self\" >Aktion Martinsg\u00e4nse<\/a><\/h4>\n<div class=\"pt-cv-content\">Auch im Jahr 2023 hat der Missionskreis Martinsg\u00e4nse gebacken und in der Schule und in der Pfarrei zum Verkauf angeboten ...<br \/><div class=\"pt-cv-rmwrap\"><a href=\"https:\/\/www.missionskreis-st-matthias.de\/?p=1075\" class=\"_self pt-cv-readmore btn btn-success\" target=\"_self\">Weiterlesen \u2026<\/a><\/div><\/div><\/div><\/div>\n<div class=\"col-md-6 col-sm-6 col-xs-12 pt-cv-content-item pt-cv-1-col\" ><div class='pt-cv-ifield'><a href=\"https:\/\/www.missionskreis-st-matthias.de\/?p=1046\" class=\"_self pt-cv-href-thumbnail pt-cv-thumb-default\" target=\"_self\" ><\/a>\n<h4 class=\"pt-cv-title\"><a href=\"https:\/\/www.missionskreis-st-matthias.de\/?p=1046\" class=\"_self\" target=\"_self\" >Namens\u00e4nderung<\/a><\/h4>\n<div class=\"pt-cv-content\">Der Vorstand des Missionskreises St. Matthias hat am 19. Juli 2023 zu einer au\u00dferordentlichen Mitgliederversammlung eingeladen, um \u00fcber die \u00c4nderung ...<br \/><div class=\"pt-cv-rmwrap\"><a href=\"https:\/\/www.missionskreis-st-matthias.de\/?p=1046\" class=\"_self pt-cv-readmore btn btn-success\" target=\"_self\">Weiterlesen \u2026<\/a><\/div><\/div><\/div><\/div>\n<div class=\"col-md-6 col-sm-6 col-xs-12 pt-cv-content-item pt-cv-1-col\" ><div class='pt-cv-ifield'><a href=\"https:\/\/www.missionskreis-st-matthias.de\/?p=1034\" class=\"_self pt-cv-href-thumbnail pt-cv-thumb-default\" target=\"_self\" ><img width=\"315\" height=\"237\" src=\"https:\/\/www.missionskreis-st-matthias.de\/wp-content\/uploads\/Missionskreis-Adventsmarkt-2022-1-315x237.jpg\" class=\"pt-cv-thumbnail\" alt=\"\" loading=\"lazy\" srcset=\"https:\/\/www.missionskreis-st-matthias.de\/wp-content\/uploads\/Missionskreis-Adventsmarkt-2022-1-315x237.jpg 315w, https:\/\/www.missionskreis-st-matthias.de\/wp-content\/uploads\/Missionskreis-Adventsmarkt-2022-1-650x488.jpg 650w, https:\/\/www.missionskreis-st-matthias.de\/wp-content\/uploads\/Missionskreis-Adventsmarkt-2022-1.jpg 1000w\" sizes=\"(max-width: 315px) 100vw, 315px\" \/><\/a>\n<h4 class=\"pt-cv-title\"><a href=\"https:\/\/www.missionskreis-st-matthias.de\/?p=1034\" class=\"_self\" target=\"_self\" >Der Missionskreis auf dem Waldramer Adventsmarkt 2022<\/a><\/h4>\n<div class=\"pt-cv-content\">Endlich wieder am 2. Adventswochenende Waldramer Adventsmarkt, nach drei Jahren Pause! Am au\u00dfergew\u00f6hnlich gro\u00dfen Ansturm der Besucher war zu erkennen, ...<br \/><div class=\"pt-cv-rmwrap\"><a href=\"https:\/\/www.missionskreis-st-matthias.de\/?p=1034\" class=\"_self pt-cv-readmore btn btn-success\" target=\"_self\">Weiterlesen \u2026<\/a><\/div><\/div><\/div><\/div>\n<div class=\"col-md-6 col-sm-6 col-xs-12 pt-cv-content-item pt-cv-1-col\" ><div class='pt-cv-ifield'><a href=\"https:\/\/www.missionskreis-st-matthias.de\/?p=976\" class=\"_self pt-cv-href-thumbnail pt-cv-thumb-default\" target=\"_self\" ><img width=\"315\" height=\"245\" src=\"https:\/\/www.missionskreis-st-matthias.de\/wp-content\/uploads\/Missionskreis-2022-1-315x245.jpg\" class=\"pt-cv-thumbnail\" alt=\"Vorstand des Missionskreises St. Matthias 2022\" loading=\"lazy\" srcset=\"https:\/\/www.missionskreis-st-matthias.de\/wp-content\/uploads\/Missionskreis-2022-1-315x245.jpg 315w, https:\/\/www.missionskreis-st-matthias.de\/wp-content\/uploads\/Missionskreis-2022-1-650x506.jpg 650w, https:\/\/www.missionskreis-st-matthias.de\/wp-content\/uploads\/Missionskreis-2022-1.jpg 999w\" sizes=\"(max-width: 315px) 100vw, 315px\" \/><\/a>\n<h4 class=\"pt-cv-title\"><a href=\"https:\/\/www.missionskreis-st-matthias.de\/?p=976\" class=\"_self\" target=\"_self\" >Stabwechsel beim Missionskreis<\/a><\/h4>\n<div class=\"pt-cv-content\">In der Jahreshauptversammlung 2022 des Missionskreises St. Matthias e.V. im Mai w\u00e4hlten die anwesenden Mitglieder einen neuen Vorstand. Die Nachfolge ...<br \/><div class=\"pt-cv-rmwrap\"><a href=\"https:\/\/www.missionskreis-st-matthias.de\/?p=976\" class=\"_self pt-cv-readmore btn btn-success\" target=\"_self\">Weiterlesen \u2026<\/a><\/div><\/div><\/div><\/div>\n<div class=\"col-md-6 col-sm-6 col-xs-12 pt-cv-content-item pt-cv-1-col\" ><div class='pt-cv-ifield'><a href=\"https:\/\/www.missionskreis-st-matthias.de\/?p=935\" class=\"_self pt-cv-href-thumbnail pt-cv-thumb-default\" target=\"_self\" ><img width=\"315\" height=\"236\" src=\"https:\/\/www.missionskreis-st-matthias.de\/wp-content\/uploads\/IMG_14391-315x236.jpg\" class=\"pt-cv-thumbnail\" alt=\"\" loading=\"lazy\" srcset=\"https:\/\/www.missionskreis-st-matthias.de\/wp-content\/uploads\/IMG_14391-315x236.jpg 315w, https:\/\/www.missionskreis-st-matthias.de\/wp-content\/uploads\/IMG_14391-650x488.jpg 650w\" sizes=\"(max-width: 315px) 100vw, 315px\" \/><\/a>\n<h4 class=\"pt-cv-title\"><a href=\"https:\/\/www.missionskreis-st-matthias.de\/?p=935\" class=\"_self\" target=\"_self\" >Neue Gesichter beim Missionskreis St. Matthias<\/a><\/h4>\n<div class=\"pt-cv-content\">Im Februar fand unsere Missionskreis-Jahreshauptversammlung statt! Neben dem R\u00fcckblick auf die j\u00e4hrlichen Aktionen, in denen wir uns aktiv f\u00fcr notleidende ...<br \/><div class=\"pt-cv-rmwrap\"><a href=\"https:\/\/www.missionskreis-st-matthias.de\/?p=935\" class=\"_self pt-cv-readmore btn btn-success\" target=\"_self\">Weiterlesen \u2026<\/a><\/div><\/div><\/div><\/div>\n<div class=\"col-md-6 col-sm-6 col-xs-12 pt-cv-content-item pt-cv-1-col\" ><div class='pt-cv-ifield'><a href=\"https:\/\/www.missionskreis-st-matthias.de\/?p=914\" class=\"_self pt-cv-href-thumbnail pt-cv-thumb-default\" target=\"_self\" ><img width=\"315\" height=\"236\" src=\"https:\/\/www.missionskreis-st-matthias.de\/wp-content\/uploads\/2017-04-08-10.13.17-315x236.jpg\" class=\"pt-cv-thumbnail\" alt=\"\" loading=\"lazy\" srcset=\"https:\/\/www.missionskreis-st-matthias.de\/wp-content\/uploads\/2017-04-08-10.13.17-315x236.jpg 315w, https:\/\/www.missionskreis-st-matthias.de\/wp-content\/uploads\/2017-04-08-10.13.17-650x488.jpg 650w\" sizes=\"(max-width: 315px) 100vw, 315px\" \/><\/a>\n<h4 class=\"pt-cv-title\"><a href=\"https:\/\/www.missionskreis-st-matthias.de\/?p=914\" class=\"_self\" target=\"_self\" >Missionskreis trifft Ostervorbereitungen<\/a><\/h4>\n<div class=\"pt-cv-content\">Nach einer gelungenen Jahreshauptversammlung laufen nun auch die j\u00e4hrlichen Vorbereitungen f\u00fcr das Osterfest auf Hochturen. Bereits zu Beginn der vierzigt\u00e4gigen ...<br \/><div class=\"pt-cv-rmwrap\"><a href=\"https:\/\/www.missionskreis-st-matthias.de\/?p=914\" class=\"_self pt-cv-readmore btn btn-success\" target=\"_self\">Weiterlesen \u2026<\/a><\/div><\/div><\/div><\/div>\n<div class=\"col-md-6 col-sm-6 col-xs-12 pt-cv-content-item pt-cv-1-col\" ><div class='pt-cv-ifield'><a href=\"https:\/\/www.missionskreis-st-matthias.de\/?p=904\" class=\"_self pt-cv-href-thumbnail pt-cv-thumb-default\" target=\"_self\" ><img width=\"315\" height=\"210\" src=\"https:\/\/www.missionskreis-st-matthias.de\/wp-content\/uploads\/IMG_0168-315x210.jpg\" class=\"pt-cv-thumbnail\" alt=\"\" loading=\"lazy\" srcset=\"https:\/\/www.missionskreis-st-matthias.de\/wp-content\/uploads\/IMG_0168-315x210.jpg 315w, https:\/\/www.missionskreis-st-matthias.de\/wp-content\/uploads\/IMG_0168-650x433.jpg 650w\" sizes=\"(max-width: 315px) 100vw, 315px\" \/><\/a>\n<h4 class=\"pt-cv-title\"><a href=\"https:\/\/www.missionskreis-st-matthias.de\/?p=904\" class=\"_self\" target=\"_self\" >F\u00fchrungswechsel beim Missionskreis<\/a><\/h4>\n<div class=\"pt-cv-content\">Mit der Jahreshauptversammlung am 07. Februar dieses Jahres erging auch die Wahl der neuen Vorstandschaft. Drei neue Kandidaten wurden in ...<br \/><div class=\"pt-cv-rmwrap\"><a href=\"https:\/\/www.missionskreis-st-matthias.de\/?p=904\" class=\"_self pt-cv-readmore btn btn-success\" target=\"_self\">Weiterlesen \u2026<\/a><\/div><\/div><\/div><\/div>\n<div class=\"col-md-6 col-sm-6 col-xs-12 pt-cv-content-item pt-cv-1-col\" ><div class='pt-cv-ifield'><a href=\"https:\/\/www.missionskreis-st-matthias.de\/?p=896\" class=\"_self pt-cv-href-thumbnail pt-cv-thumb-default\" target=\"_self\" ><img width=\"315\" height=\"210\" src=\"https:\/\/www.missionskreis-st-matthias.de\/wp-content\/uploads\/gruendungsversammlung.jpg\" class=\"pt-cv-thumbnail\" alt=\"\" loading=\"lazy\" \/><\/a>\n<h4 class=\"pt-cv-title\"><a href=\"https:\/\/www.missionskreis-st-matthias.de\/?p=896\" class=\"_self\" target=\"_self\" >Jahreshauptversammlung beim Missionskreis St. Matthias<\/a><\/h4>\n<div class=\"pt-cv-content\">Am 07. Februar 2017 treffen sich, wie bereits die Jahre zuvor die Mitglieder des Missionskreises zur j\u00e4hrlichen Hauptversammlung. Gemeinsam halten ...<br \/><div class=\"pt-cv-rmwrap\"><a href=\"https:\/\/www.missionskreis-st-matthias.de\/?p=896\" class=\"_self pt-cv-readmore btn btn-success\" target=\"_self\">Weiterlesen \u2026<\/a><\/div><\/div><\/div><\/div><\/div><\/div><\/div>\n","protected":false},"excerpt":{"rendered":"<p>&nbsp;<\/p>\n","protected":false},"author":11,"featured_media":0,"parent":0,"menu_order":0,"comment_status":"closed","ping_status":"closed","template":"","meta":{"spay_email":""},"jetpack_shortlink":"https:\/\/wp.me\/P77G2M-gW","jetpack_sharing_enabled":true,"_links":{"self":[{"href":"https:\/\/www.missionskreis-st-matthias.de\/index.php?rest_route=\/wp\/v2\/pages\/1050"}],"collection":[{"href":"https:\/\/www.missionskreis-st-matthias.de\/index.php?rest_route=\/wp\/v2\/pages"}],"about":[{"href":"https:\/\/www.missionskreis-st-matthias.de\/index.php?rest_route=\/wp\/v2\/types\/page"}],"author":[{"embeddable":true,"href":"https:\/\/www.missionskreis-st-matthias.de\/index.php?rest_route=\/wp\/v2\/users\/11"}],"replies":[{"embeddable":true,"href":"https:\/\/www.missionskreis-st-matthias.de\/index.php?rest_route=%2Fwp%2Fv2%2Fcomments&post=1050"}],"version-history":[{"count":4,"href":"https:\/\/www.missionskreis-st-matthias.de\/index.php?rest_route=\/wp\/v2\/pages\/1050\/revisions"}],"predecessor-version":[{"id":1064,"href":"https:\/\/www.missionskreis-st-matthias.de\/index.php?rest_route=\/wp\/v2\/pages\/1050\/revisions\/1064"}],"wp:attachment":[{"href":"https:\/\/www.missionskreis-st-matthias.de\/index.php?rest_route=%2Fwp%2Fv2%2Fmedia&parent=1050"}],"curies":[{"name":"wp","href":"https:\/\/api.w.org\/{rel}","templated":true}]}}