{"id":1003,"date":"2022-07-14T12:11:25","date_gmt":"2022-07-14T10:11:25","guid":{"rendered":"https:\/\/www.missionskreis-st-matthias.de\/?page_id=1003"},"modified":"2022-07-14T12:47:34","modified_gmt":"2022-07-14T10:47:34","slug":"mitglied-werden","status":"publish","type":"page","link":"https:\/\/www.missionskreis-st-matthias.de\/?page_id=1003","title":{"rendered":"Mitglied werden"},"content":{"rendered":"<p>&nbsp;<\/p>\n<p>Wenn Sie den Missionskreis St. Matthias e.V. und seine Projekte unterst\u00fctzen wollen, dann freuen wir uns, wenn Sie Mitglied werden m\u00f6chten!<\/p>\n<p>Hier k\u00f6nnen Sie die Beitrittserkl\u00e4rung herunterladen und uns per Post oder <a href=\"mailto:missionskreis@sankt-matthias.de\">Mail<\/a> zusenden.<\/p>\n<a  data-e-Disable-Page-Transition=\"true\" class=\"download-link\" title=\"\" href=\"https:\/\/www.missionskreis-st-matthias.de?download=1009&amp;tmstv=1778158674\" rel=\"nofollow\" id=\"download-link-1009\" >\n\tBeitrittserkl\u00e4rung<\/a>\n\n<p>Postanschrift:<\/p>\n<p>Missionskreis St. Matthias e.V.<br \/>\nSeminarplatz 3<br \/>\n82515 Wolfratshausen<\/p>\n<p>E-Mail: <a href=\"mailto:missionskreis@sankt-matthias.de\">missionskreis@sankt-matthias.de<\/a><\/p>\n<p>&nbsp;<\/p>\n<p>&nbsp;<\/p>\n","protected":false},"excerpt":{"rendered":"<p>&nbsp; Wenn Sie den Missionskreis St. Matthias e.V. und seine Projekte unterst\u00fctzen wollen, dann freuen wir uns, wenn Sie Mitglied werden m\u00f6chten! Hier k\u00f6nnen Sie die Beitrittserkl\u00e4rung herunterladen und uns per Post oder Mail zusenden. Postanschrift: Missionskreis St. Matthias e.V. Seminarplatz 3 82515 Wolfratshausen E-Mail: missionskreis@sankt-matthias.de &nbsp; &nbsp;<\/p>\n","protected":false},"author":8,"featured_media":0,"parent":0,"menu_order":0,"comment_status":"closed","ping_status":"closed","template":"","meta":{"spay_email":""},"jetpack_shortlink":"https:\/\/wp.me\/P77G2M-gb","jetpack_sharing_enabled":true,"_links":{"self":[{"href":"https:\/\/www.missionskreis-st-matthias.de\/index.php?rest_route=\/wp\/v2\/pages\/1003"}],"collection":[{"href":"https:\/\/www.missionskreis-st-matthias.de\/index.php?rest_route=\/wp\/v2\/pages"}],"about":[{"href":"https:\/\/www.missionskreis-st-matthias.de\/index.php?rest_route=\/wp\/v2\/types\/page"}],"author":[{"embeddable":true,"href":"https:\/\/www.missionskreis-st-matthias.de\/index.php?rest_route=\/wp\/v2\/users\/8"}],"replies":[{"embeddable":true,"href":"https:\/\/www.missionskreis-st-matthias.de\/index.php?rest_route=%2Fwp%2Fv2%2Fcomments&post=1003"}],"version-history":[{"count":9,"href":"https:\/\/www.missionskreis-st-matthias.de\/index.php?rest_route=\/wp\/v2\/pages\/1003\/revisions"}],"predecessor-version":[{"id":1018,"href":"https:\/\/www.missionskreis-st-matthias.de\/index.php?rest_route=\/wp\/v2\/pages\/1003\/revisions\/1018"}],"wp:attachment":[{"href":"https:\/\/www.missionskreis-st-matthias.de\/index.php?rest_route=%2Fwp%2Fv2%2Fmedia&parent=1003"}],"curies":[{"name":"wp","href":"https:\/\/api.w.org\/{rel}","templated":true}]}}